{"id":781,"date":"2021-12-11T20:31:39","date_gmt":"2021-12-11T20:31:39","guid":{"rendered":"https:\/\/zoogen.sk\/?page_id=781"},"modified":"2021-12-11T20:32:40","modified_gmt":"2021-12-11T20:32:40","slug":"gdpr","status":"publish","type":"page","link":"https:\/\/zoogen.sk\/?page_id=781","title":{"rendered":"GDPR"},"content":{"rendered":"\n<p>Ak\u00e9 osobn\u00e9 \u00fadaje z\u00edskavame a pre\u010do ich zbierame<\/p>\n\n\n\n<p>Koment\u00e1re<br>Ke\u010f n\u00e1v\u0161tevn\u00edci webu zanech\u00e1vaj\u00fa na str\u00e1nke koment\u00e1re, zbierame \u00fadaje, ktor\u00e9 s\u00fa zobrazen\u00e9 vo formul\u00e1ri koment\u00e1ra a taktie\u017e IP adresu pou\u017e\u00edvate\u013eov a user-agent prehliada\u010da z d\u00f4vodu ochrany proti spamu.<br>Anonymizovan\u00fd re\u0165azec vytvoren\u00fd z va\u0161ej e-mailovej adresy (naz\u00fdvan\u00fd aj hash) m\u00f4\u017ee by\u0165 poskytnut\u00fd slu\u017ebe Gravatar pre overenie, \u010di ju pou\u017e\u00edvate. Z\u00e1sady ochrany osobn\u00fdch \u00fadajov slu\u017eby Gravatar n\u00e1jdete na: https:\/\/automattic.com\/privacy\/. Po schv\u00e1len\u00ed v\u00e1\u0161ho koment\u00e1ra bude va\u0161a profilov\u00e1 fotografia verejne zobrazen\u00e1 spolu s obsahom v\u00e1\u0161ho koment\u00e1ra.<\/p>\n\n\n\n<p>Multim\u00e9di\u00e1<br>Pri nahr\u00e1van\u00ed obr\u00e1zkov na webov\u00fa str\u00e1nku by ste sa mali vyhn\u00fa\u0165 nahr\u00e1vaniu obr\u00e1zkov s EXIF GPS \u00fadajmi o polohe. N\u00e1v\u0161tevn\u00edci webu m\u00f4\u017eu stiahnu\u0165 a zobrazi\u0165 ak\u00e9ko\u013evek \u00fadaje o polohe z obr\u00e1zkov.<\/p>\n\n\n\n<p>Kontaktn\u00e9 formul\u00e1re<br>Na na\u0161ej webstr\u00e1nke m\u00e1te mo\u017enos\u0165 kontaktova\u0165 n\u00e1s prostredn\u00edctvom formul\u00e1ra Ochutn\u00e1vkov\u00fd bal\u00ed\u010dek. S\u00fa\u010das\u0165ou formul\u00e1ra je aj zaklik\u00e1vacia polo\u017eka, ktorou n\u00e1m udel\u00edte s\u00fahlas na spracovanie vami zadan\u00fdch \u00fadajov na dan\u00fd konkr\u00e9tny \u00fa\u010del.<\/p>\n\n\n\n<p>S\u00fabory cookies<br>Ak prid\u00e1te koment\u00e1r na na\u0161ej str\u00e1nke, m\u00f4\u017eete s\u00fahlasi\u0165 s ulo\u017een\u00edm v\u00e1\u0161ho mena, e-mailovej adresy a webovej str\u00e1nky do s\u00faborov cookies. Je to pre va\u0161e pohodlie, aby ste nemuseli op\u00e4tovne vyp\u013a\u0148a\u0165 va\u0161e \u00fadaje znovu pri prid\u00e1van\u00ed \u010fal\u0161ieho koment\u00e1ra. Tieto s\u00fabory cookies s\u00fa platn\u00e9 jeden rok.<\/p>\n\n\n\n<p>Vlo\u017een\u00fd obsah z in\u00fdch webov\u00fdch str\u00e1nok<br>\u010cl\u00e1nky na tejto webovej str\u00e1nke m\u00f4\u017eu obsahova\u0165 vlo\u017een\u00fd obsah (napr. vide\u00e1, obr\u00e1zky, mapy a podobne). Vlo\u017een\u00fd obsah z in\u00fdch str\u00e1nok sa chov\u00e1 rovnako, akoby n\u00e1v\u0161tevn\u00edk nav\u0161t\u00edvil in\u00fa webov\u00fa str\u00e1nku. Tieto webov\u00e9 str\u00e1nky m\u00f4\u017eu o v\u00e1s zbiera\u0165 osobn\u00e9 \u00fadaje, pou\u017e\u00edva\u0165 s\u00fabory cookies, vklada\u0165 tre\u0165o-strann\u00e9 sledovanie a monitorova\u0165 va\u0161u interakciu s vlo\u017een\u00fdm obsahom, vr\u00e1tane sledovania va\u0161ej interakcie s vlo\u017een\u00fdm obsahom, ak na danej webovej str\u00e1nke m\u00e1te \u00fa\u010det a ste prihl\u00e1sen\u00fd.<\/p>\n\n\n\n<p>\u0160tatistick\u00e9 Cookies tret\u00edch str\u00e1n a anonymiz\u00e1cia<br>\u0160tatistick\u00e9 cookies tret\u00edch str\u00e1n zhroma\u017e\u010fuj\u00fa inform\u00e1cie o tom, ako na\u0161u webov\u00fa str\u00e1nku pou\u017e\u00edvate, napr. ktor\u00e9 str\u00e1nky nav\u0161tevujete, a \u010di ste narazili na nejak\u00e9 chyby, napr\u00edklad vo formul\u00e1roch. Tieto cookies nezhroma\u017e\u010fuj\u00fa \u017eiadne inform\u00e1cie, pod\u013ea ktor\u00fdch by bolo mo\u017en\u00e9 zisti\u0165 va\u0161u toto\u017enos\u0165 \u2013 v\u0161etky zhroma\u017eden\u00e9 \u00fadaje s\u00fa anonymn\u00e9 a sl\u00fa\u017eia n\u00e1m iba k tomu, aby sme mohli prev\u00e1dzku na\u0161ej webovej str\u00e1nky optimalizova\u0165 a vedeli, \u010do na\u0161ich pou\u017e\u00edvate\u013eov zauj\u00edma a t\u00fdmto sp\u00f4sobom zisti\u0165, ako bola na\u0161a reklama efekt\u00edvna.<\/p>\n\n\n\n<p>S ich pomocou z\u00edskavame \u0161tatistick\u00e9 \u00fadaje o tom, ako sa na\u0161a webov\u00e1 str\u00e1nka pou\u017e\u00edva, zis\u0165ujeme efektivitu na\u0161ej reklamy (tieto inform\u00e1cie NEPOU\u017d\u00cdVAME k tomu, aby sme v\u00e1m posielali na\u0161u reklamu v pr\u00edpade, \u017ee nav\u0161t\u00edvite in\u00e9 str\u00e1nky), m\u00f4\u017eeme zachyti\u0165 pr\u00edpadn\u00e9 chyby a ich odstr\u00e1nen\u00edm str\u00e1nky skvalit\u0148ova\u0165, testujeme r\u00f4zne koncepcie na\u0161ej webovej str\u00e1nky. Ich zak\u00e1zan\u00edm nem\u00f4\u017eeme zaru\u010di\u0165 pln\u00fa funk\u010dnos\u0165 na\u0161ej str\u00e1nky. Tieto d\u00e1ta m\u00f4\u017eu by\u0165 posunut\u00e9 tret\u00edm stran\u00e1m, v s\u00falade s pr\u00e1vnymi predpismi.<\/p>\n\n\n\n<p>Google Analytics \u2013 https:\/\/www.google.com\/analytics\/<\/p>\n\n\n\n<p>Ako dlho uchov\u00e1vame va\u0161e \u00fadaje<br>Pri prid\u00e1van\u00ed koment\u00e1ra, koment\u00e1r a jeho meta\u00fadaje s\u00fa uchov\u00e1van\u00e9 oddelene. V\u010faka tomu vieme automaticky rozpozna\u0165 a schv\u00e1li\u0165 ak\u00e9ko\u013evek s\u00favisiace koment\u00e1re bez toho, aby museli by\u0165 podr\u017ean\u00e9 na moder\u00e1ciu. \u00dadaje z prehliadania uchovan\u00e9 pod\u013ea nastavenia cookies nie s\u00fa uchov\u00e1van\u00e9 v na\u0161ich syst\u00e9moch. Inform\u00e1cie, ktor\u00e9 sp\u00e1jame s \u00fadajmi z cookies uchov\u00e1vame pod\u013ea v\u00e1\u0161ho s\u00fahlasu, ktor\u00fd ste n\u00e1m poskytli alebo pod\u013ea doby trvania zmluvn\u00e9ho vz\u0165ahu medzi nami a Va\u0161ou osobou.<\/p>\n\n\n\n<p>Ako skontrolova\u0165 nastavenie cookies<br>S\u00fabory cookie m\u00f4\u017eete kontrolova\u0165 alebo zmaza\u0165 pod\u013ea uv\u00e1\u017eenia. Podrobnosti n\u00e1jdete na str\u00e1nke aboutcookies.org. M\u00f4\u017eete vymaza\u0165 v\u0161etky s\u00fabory cookie ulo\u017een\u00e9 vo svojom po\u010d\u00edta\u010di a v\u00e4\u010d\u0161inu prehliada\u010dov m\u00f4\u017eete nastavi\u0165 tak, aby ste im znemo\u017enili ich ukladanie. Cookies s\u00fa u\u017eito\u010dn\u00e9, pokia\u013e ich majitelia str\u00e1nok nezneu\u017eij\u00fa na nepovolen\u00fd zber \u00fadajov. Ak cookies ned\u00f4verujete, m\u00f4\u017eete ich pravidelne z v\u00e1\u0161ho disku vymaz\u00e1va\u0165. V niektor\u00fdch pr\u00edpadoch m\u00f4\u017ee d\u00f4js\u0165 k nekorektn\u00e9mu z\u00e1pisu inform\u00e1cii Cookies a teda k probl\u00e9mu s prihl\u00e1sen\u00edm sa do na\u0161ich Internetov\u00fdch aplik\u00e1cii. N\u00e1vod pre odstr\u00e1nenie v\u0161etk\u00fdch aj nekorektne zap\u00edsan\u00fdch Cookies n\u00e1jdete ni\u017e\u0161ie.<\/p>\n\n\n\n<p>N\u00e1vody na vymazanie Cookies v jednotliv\u00fdch internetov\u00fdch prehliada\u010doch:<br>Internet Explorer\u2122<br>http:\/\/windows.microsoft.com\/sk-SK\/windows-vista\/Block-or-allow-cookies<br>Opera\u2122<br>http:\/\/help.opera.com\/Windows\/10.20\/sk\/cookies.html<br>Mozilla Firefox\u2122<br>http:\/\/support.mozilla.org\/sk\/kb\/povolenie-zakazanie-cookies<br>Google Chrome\u2122<br>https:\/\/support.google.com\/chrome\/answer\/95647?hl=sk&amp;hlrm=en<\/p>\n\n\n\n<p>Ak\u00e9 pr\u00e1va m\u00e1te nad svojimi \u00fadajmi<br>Ak na tejto webovej str\u00e1nke m\u00e1te \u00fa\u010det, alebo ste tu pridali koment\u00e1r, m\u00f4\u017eete po\u017eiada\u0165 o export va\u0161ich osobn\u00fdch \u00fadajov, ktor\u00e9 o v\u00e1s uklad\u00e1me, vr\u00e1tane \u00fadajov, ktor\u00e9 ste n\u00e1m poskytli. M\u00f4\u017eete tak isto po\u017eiada\u0165 o vymazanie osobn\u00fdch \u00fadajov. To sa ale net\u00fdka \u00fadajov, ktor\u00e9 o v\u00e1s mus\u00edme uchov\u00e1va\u0165 z administrat\u00edvnych, pr\u00e1vnych alebo bezpe\u010dnostn\u00fdch d\u00f4vodov.<\/p>\n\n\n\n<p>Va\u0161e pr\u00e1va<br>Pr\u00e1vo odvola\u0165 s\u00fahlas \u2013 V pr\u00edpade ak sprac\u00favame Va\u0161e \u00fadaje na z\u00e1klade V\u00e1\u0161ho s\u00fahlasu je mo\u017en\u00e9 tento s\u00fahlas kedyko\u013evek odvola\u0165 alebo namieta\u0165 podan\u00edm podnetu na na\u0161ich miestach prv\u00e9ho kontaktu alebo zaslan\u00edm podnetu na kontaktn\u00fd b od uveden\u00e9 v \u010dasti Kontaktn\u00e9 \u00fadaje.<br>Pr\u00e1vo na pr\u00edstup k svojim \u00fadajom \u2013 M\u00f4\u017eete si vy\u017eiada\u0165 inform\u00e1cie o tom, ako spracov\u00e1vame va\u0161e osobn\u00e9 \u00fadaje, vr\u00e1tane inform\u00e1ci\u00ed o tom pre\u010do spracov\u00e1vame va\u0161e osobn\u00e9 \u00fadaje, ak\u00e9 kateg\u00f3rie osobn\u00fdch \u00fadajov spracov\u00e1vame, s k\u00fdm va\u0161e osobn\u00e9 \u00fadaje zdie\u013eame, ako dlho tieto \u00fadaje uchov\u00e1vame, \u010di spracovanie zah\u0155\u0148a automatizovan\u00e9 rozhodovanie, \u010di tieto \u00fadaje boli preveden\u00e9 do tretej krajiny.<br>Pr\u00e1vo na opravu -m\u00e1te pr\u00e1vo n\u00e1s upozorni\u0165, ak je niektor\u00fd z va\u0161ich osobn\u00fdch \u00fadajov nespr\u00e1vny, napr. ak ste si zmenili meno alebo ak ste sa pres\u0165ahovali a my m\u00e1me povinnos\u0165 nespr\u00e1vne \u00fadaje opravi\u0165.<br>Pr\u00e1vo by\u0165 zabudnut\u00fd \u2013 ak spracov\u00e1vame va\u0161e osobn\u00e9 \u00fadaje nez\u00e1konn\u00fdm sp\u00f4sobom, napr\u00edklad ak spracov\u00e1vame va\u0161e osobn\u00e9 \u00fadaje dlh\u0161ie, ne\u017e je potrebn\u00e9 alebo bezd\u00f4vodne, m\u00f4\u017eete n\u00e1s po\u017eiada\u0165 o vymazanie t\u00fdchto \u00fadajov.<br>Pr\u00e1vo na obmedzenie \u2013 od momentu, kedy ste po\u017eiadali o opravu va\u0161ich osobn\u00fdch \u00fadajov alebo ak ste namietali proti spracovaniu a do momentu, k\u00fdm nebudeme m\u00f4c\u0165 probl\u00e9m vy\u0161etri\u0165 alebo potvrdi\u0165 presnos\u0165 va\u0161ich osobn\u00fdch \u00fadajov (alebo ich pod\u013ea va\u0161ich pokynov zmeni\u0165), m\u00e1te n\u00e1rok na obmedzen\u00e9 spracovanie. To znamen\u00e1, \u017ee my (s v\u00fdnimkou uchov\u00e1vania osobn\u00fdch \u00fadajov) m\u00f4\u017eeme spracov\u00e1va\u0165 va\u0161e osobn\u00e9 \u00fadaje iba v s\u00falade s va\u0161\u00edm s\u00fahlasom, ak je to potrebn\u00e9 v s\u00favislosti s pr\u00e1vnymi n\u00e1rokmi, na ochranu pr\u00e1v niekoho in\u00e9ho, alebo ak existuje v\u00fdznamn\u00fd verejn\u00fd z\u00e1ujem na spracovan\u00ed. M\u00f4\u017eete tie\u017e po\u017eiada\u0165, aby sme obmedzili spracovanie va\u0161ich osobn\u00fdch \u00fadajov, ak je spracovanie nez\u00e1konn\u00e9, ale nechcete, aby sme osobn\u00e9 \u00fadaje vymazali.<br>Pr\u00e1vo namieta\u0165 \u2013 ak sa domnievate, \u017ee nem\u00e1me pr\u00e1vo na spracovanie va\u0161ich osobn\u00fdch \u00fadajov, m\u00f4\u017eete proti n\u00e1\u0161mu spracovaniu namieta\u0165. V tak\u00fdchto pr\u00edpadoch m\u00f4\u017eeme pokra\u010dova\u0165 v spracov\u00e1van\u00ed iba vtedy, ak vieme preuk\u00e1za\u0165 presved\u010div\u00e9 opr\u00e1vnen\u00e9 d\u00f4vody, ktor\u00e9 prev\u00e1\u017eia va\u0161e z\u00e1ujmy, pr\u00e1va a slobody. Va\u0161e osobn\u00e9 \u00fadaje v\u0161ak m\u00f4\u017eeme v\u017edy spracova\u0165, ak je to potrebn\u00e9 na ur\u010denie, uplatnenie alebo obhajobu pr\u00e1vnych n\u00e1rokov.<br>Pr\u00e1vo na prenos \u00fadajov \u2013 M\u00f4\u017eete po\u017eiada\u0165 o to, aby v\u00e1m va\u0161e osobn\u00e9 \u00fadaje, ktor\u00e9 ste n\u00e1m poskytli na spracovanie na z\u00e1klade s\u00fahlasu alebo na splnenie zmluvy, boli poskytnut\u00e9 v \u0161trukt\u00farovanom, be\u017ene pou\u017e\u00edvanom a strojovo \u010ditate\u013enom form\u00e1te. M\u00e1te tie\u017e pr\u00e1vo po\u017eiada\u0165 o prenos t\u00fdchto inform\u00e1ci\u00ed na in\u00e9ho spr\u00e1vcu \u00fadajov.<\/p>\n\n\n\n<p>Ako m\u00f4\u017eete uplatni\u0165 svoje pr\u00e1va?<br>Kontaktovanie zodpovednej osoby \u2013 vazec@ekofarmavazec.sk<br>\u00darad na ochranu osobn\u00fdch \u00fadajov \u2013 Ak s na\u0161ou odpove\u010fou nie ste spokojn\u00ed, alebo sa domnievate, \u017ee spracov\u00e1vame va\u0161e \u00fadaje nespravodlivo alebo nez\u00e1konne, m\u00f4\u017eete sa s\u0165a\u017eova\u0165 na Dozorn\u00fd org\u00e1n ktor\u00fdm je \u00darad na ochranu osobn\u00fdch \u00fadajov (\u00daOO\u00da). \u010eal\u0161ie inform\u00e1cie o \u00daOO\u00da a ich postupe pod\u00e1vania s\u0165a\u017enost\u00ed n\u00e1jdete tu: www.dataprotection.gov.sk.<\/p>\n","protected":false},"excerpt":{"rendered":"<p>Ak\u00e9 osobn\u00e9 \u00fadaje z\u00edskavame a pre\u010do ich zbierame Koment\u00e1reKe\u010f n\u00e1v\u0161tevn\u00edci webu zanech\u00e1vaj\u00fa na str\u00e1nke koment\u00e1re, zbierame \u00fadaje, ktor\u00e9 s\u00fa zobrazen\u00e9 vo formul\u00e1ri koment\u00e1ra a taktie\u017e IP adresu pou\u017e\u00edvate\u013eov a user-agent prehliada\u010da z d\u00f4vodu ochrany proti spamu.Anonymizovan\u00fd re\u0165azec vytvoren\u00fd z va\u0161ej e-mailovej adresy (naz\u00fdvan\u00fd aj hash) m\u00f4\u017ee by\u0165 poskytnut\u00fd slu\u017ebe Gravatar pre overenie, \u010di ju pou\u017e\u00edvate. [&hellip;]<\/p>\n","protected":false},"author":2,"featured_media":0,"parent":0,"menu_order":0,"comment_status":"closed","ping_status":"closed","template":"","meta":{"footnotes":""},"class_list":["post-781","page","type-page","status-publish","hentry"],"_links":{"self":[{"href":"https:\/\/zoogen.sk\/index.php?rest_route=\/wp\/v2\/pages\/781","targetHints":{"allow":["GET"]}}],"collection":[{"href":"https:\/\/zoogen.sk\/index.php?rest_route=\/wp\/v2\/pages"}],"about":[{"href":"https:\/\/zoogen.sk\/index.php?rest_route=\/wp\/v2\/types\/page"}],"author":[{"embeddable":true,"href":"https:\/\/zoogen.sk\/index.php?rest_route=\/wp\/v2\/users\/2"}],"replies":[{"embeddable":true,"href":"https:\/\/zoogen.sk\/index.php?rest_route=%2Fwp%2Fv2%2Fcomments&post=781"}],"version-history":[{"count":3,"href":"https:\/\/zoogen.sk\/index.php?rest_route=\/wp\/v2\/pages\/781\/revisions"}],"predecessor-version":[{"id":784,"href":"https:\/\/zoogen.sk\/index.php?rest_route=\/wp\/v2\/pages\/781\/revisions\/784"}],"wp:attachment":[{"href":"https:\/\/zoogen.sk\/index.php?rest_route=%2Fwp%2Fv2%2Fmedia&parent=781"}],"curies":[{"name":"wp","href":"https:\/\/api.w.org\/{rel}","templated":true}]}}