{"id":317,"date":"2020-07-22T10:58:31","date_gmt":"2020-07-22T10:58:31","guid":{"rendered":"http:\/\/el.commonsupport.com\/newwp\/hankcok\/?page_id=317"},"modified":"2021-12-11T20:51:23","modified_gmt":"2021-12-11T20:51:23","slug":"contact-us","status":"publish","type":"page","link":"https:\/\/zoogen.sk\/?page_id=317","title":{"rendered":"Kontakt"},"content":{"rendered":"\t\t<div data-elementor-type=\"wp-page\" data-elementor-id=\"317\" class=\"elementor elementor-317\">\n\t\t\t\t\t\t<section class=\"elementor-section elementor-top-section elementor-element elementor-element-74db32f elementor-section-full_width elementor-section-height-default elementor-section-height-default\" data-id=\"74db32f\" data-element_type=\"section\" data-e-type=\"section\">\n\t\t\t\t\t\t<div class=\"elementor-container elementor-column-gap-default\">\n\t\t\t\t\t<div class=\"elementor-column elementor-col-100 elementor-top-column elementor-element elementor-element-b62be20\" data-id=\"b62be20\" data-element_type=\"column\" data-e-type=\"column\">\n\t\t\t<div class=\"elementor-widget-wrap\">\n\t\t\t\t\t\t\t<\/div>\n\t\t<\/div>\n\t\t\t\t\t<\/div>\n\t\t<\/section>\n\t\t\t\t<section class=\"elementor-section elementor-top-section elementor-element elementor-element-3814839 elementor-section-full_width elementor-section-height-default elementor-section-height-default\" data-id=\"3814839\" data-element_type=\"section\" data-e-type=\"section\">\n\t\t\t\t\t\t<div class=\"elementor-container elementor-column-gap-default\">\n\t\t\t\t\t<div class=\"elementor-column elementor-col-100 elementor-top-column elementor-element elementor-element-1108a8d\" data-id=\"1108a8d\" data-element_type=\"column\" data-e-type=\"column\">\n\t\t\t<div class=\"elementor-widget-wrap elementor-element-populated\">\n\t\t\t\t\t\t<div class=\"elementor-element elementor-element-b91ff4f elementor-widget elementor-widget-hankcok_contact_us\" data-id=\"b91ff4f\" data-element_type=\"widget\" data-e-type=\"widget\" data-widget_type=\"hankcok_contact_us.default\">\n\t\t\t\t<div class=\"elementor-widget-container\">\n\t\t\t\t\t        \r\n        <!-- Contact Section -->\r\n        <section class=\"contact-section style-two\">\r\n            <div class=\"auto-container\">\r\n                <div class=\"sec-title\">\r\n                    <h2>Kontaktujte n\u00e1s<\/h2>\r\n                    <div class=\"text\">M\u00e1te na mysli nie\u010do, \u010do by ste n\u00e1m mohli ozn\u00e1mi\u0165? Nev\u00e1hajte a spojte sa s nami prostredn\u00edctvom n\u00e1\u0161ho kontaktn\u00e9ho formul\u00e1ra.<\/div>\r\n                <\/div>\r\n                <div class=\"row\">\r\n                    <div class=\"col-lg-7\">\r\n                        <div class=\"contact-form\">\r\n                            \n<div class=\"wpcf7 no-js\" id=\"wpcf7-f776-o1\" lang=\"en-US\" dir=\"ltr\" data-wpcf7-id=\"776\">\n<div class=\"screen-reader-response\"><p role=\"status\" aria-live=\"polite\" aria-atomic=\"true\"><\/p> <ul><\/ul><\/div>\n<form action=\"\/index.php?rest_route=%2Fwp%2Fv2%2Fpages%2F317#wpcf7-f776-o1\" method=\"post\" class=\"wpcf7-form init\" aria-label=\"Contact form\" novalidate=\"novalidate\" data-status=\"init\">\n<fieldset class=\"hidden-fields-container\"><input type=\"hidden\" name=\"_wpcf7\" value=\"776\" \/><input type=\"hidden\" name=\"_wpcf7_version\" value=\"6.1.5\" \/><input type=\"hidden\" name=\"_wpcf7_locale\" value=\"en_US\" \/><input type=\"hidden\" name=\"_wpcf7_unit_tag\" value=\"wpcf7-f776-o1\" \/><input type=\"hidden\" name=\"_wpcf7_container_post\" value=\"0\" \/><input type=\"hidden\" name=\"_wpcf7_posted_data_hash\" value=\"\" \/>\n<\/fieldset>\n<p><label> Tvoje meno<br \/>\n<span class=\"wpcf7-form-control-wrap\" data-name=\"your-name\"><input size=\"40\" maxlength=\"400\" class=\"wpcf7-form-control wpcf7-text wpcf7-validates-as-required\" aria-required=\"true\" aria-invalid=\"false\" value=\"\" type=\"text\" name=\"your-name\" \/><\/span> <\/label>\n<\/p>\n<p><label> Tvoj email<br \/>\n<span class=\"wpcf7-form-control-wrap\" data-name=\"your-email\"><input size=\"40\" maxlength=\"400\" class=\"wpcf7-form-control wpcf7-email wpcf7-validates-as-required wpcf7-text wpcf7-validates-as-email\" aria-required=\"true\" aria-invalid=\"false\" value=\"\" type=\"email\" name=\"your-email\" \/><\/span> <\/label>\n<\/p>\n<p><label> Predmet<br \/>\n<span class=\"wpcf7-form-control-wrap\" data-name=\"your-subject\"><input size=\"40\" maxlength=\"400\" class=\"wpcf7-form-control wpcf7-text wpcf7-validates-as-required\" aria-required=\"true\" aria-invalid=\"false\" value=\"\" type=\"text\" name=\"your-subject\" \/><\/span> <\/label>\n<\/p>\n<p><label> Tvoja spr\u00e1va (optional)<br \/>\n<span class=\"wpcf7-form-control-wrap\" data-name=\"your-message\"><textarea cols=\"40\" rows=\"10\" maxlength=\"2000\" class=\"wpcf7-form-control wpcf7-textarea\" aria-invalid=\"false\" name=\"your-message\"><\/textarea><\/span> <\/label>\n<\/p>\n<p><input class=\"wpcf7-form-control wpcf7-submit has-spinner\" type=\"submit\" value=\"Predlo\u017ei\" \/>\n<\/p><div class=\"wpcf7-response-output\" aria-hidden=\"true\"><\/div>\n<\/form>\n<\/div>\n                        <\/div>\r\n                    <\/div>\r\n                    <div class=\"col-lg-5\">\r\n                        <div class=\"contact-meta-block\">\r\n\t\t\t\t\t\t\t                            <div class=\"contact-info-block\">\r\n                                <div class=\"icon\"><i class=\"far fa-map-marker-alt\"><\/i><\/div>\r\n                                <ul class=\"inner-box\">\r\n                                    <li><strong>Address :<\/strong><\/li>\r\n                                    <li>M.R.Stefanika 842\/9 \nKrupina 963 01<\/li>\r\n                                <\/ul>\r\n                            <\/div>\r\n                                                                                    <div class=\"contact-info-block\">\r\n                                <div class=\"icon\"><i class=\"far fa-phone\"><\/i><\/div>\r\n                                <ul class=\"inner-box\">\r\n                                    <li><strong>Phone :<\/strong><\/li>\r\n                                    <li> \u202d+421 905 604 000\u202c <img decoding=\"async\" src=\"https:\/\/www.pngall.com\/wp-content\/uploads\/2016\/05\/Slovakia-Flag-PNG-HD.png\" width=\"50\"> <br> +421 905 151 272 <img decoding=\"async\" src=\"https:\/\/www.pngall.com\/wp-content\/uploads\/2016\/05\/Slovakia-Flag-PNG-HD.png\" width=\"50\"><br>+90 555 761 4344 <img decoding=\"async\" src=\"https:\/\/www.pngall.com\/wp-content\/uploads\/2016\/05\/Turkey-Flag-PNG-Picture.png\" width=\"25\"><\/li>\r\n                                <\/ul>\r\n                            <\/div>\r\n                                                                                    <div class=\"contact-info-block\">\r\n                                <div class=\"icon\"><i class=\"far fa-envelope\"><\/i><\/div>\r\n                                <ul class=\"inner-box\">\r\n                                    <li><strong>Email :<\/strong><\/li>\r\n                                    <li> zoogen@zoogen.sk<\/li>\r\n                                <\/ul>\r\n                            <\/div>\r\n                                                                                    <div class=\"contact-info-block\">\r\n                                <div class=\"icon\"><i class=\"far fa-clock\"><\/i><\/div>\r\n                                <ul class=\"inner-box\">\r\n                                    <li><strong>Opening Hours :<\/strong> <\/li>\r\n                                    <li>8:00 AM \u2013 10:00 PM Monday \u2013 Sunday<\/li>\r\n                                <\/ul>\r\n                            <\/div>\r\n                                                    <\/div>\r\n                    <\/div>\r\n                <\/div>\r\n            <\/div>\r\n        <\/section>\r\n        \r\n\t\t\t\t\t\t<\/div>\n\t\t\t\t<\/div>\n\t\t\t\t<div class=\"elementor-element elementor-element-979ff37 elementor-widget elementor-widget-hankcok_google_map\" data-id=\"979ff37\" data-element_type=\"widget\" data-e-type=\"widget\" data-widget_type=\"hankcok_google_map.default\">\n\t\t\t\t<div class=\"elementor-widget-container\">\n\t\t\t\t\t        \n        <!-- Map Section -->\n        <section class=\"map-section\">\n            <div class=\"contact-map\">\n                <iframe src=\"https:\/\/www.google.com\/maps\/embed?pb=!1m18!1m12!1m3!1d2651.579632625882!2d19.064705716017116!3d48.34938477924086!2m3!1f0!2f0!3f0!3m2!1i1024!2i768!4f13.1!3m3!1m2!1s0x476ab5cdbbb405a7%3A0xda0998b0079187de!2sMilana%20Rastislava%20%C5%A0tef%C3%A1nika%20842%2F9%2C%20963%2001%20Krupina%2C%20Slovakia!5e0!3m2!1sen!2snl!4v1639161926864!5m2!1sen!2snl\" width=\"600\" height=\"450\" style=\"border:0;\" allowfullscreen=\"\" loading=\"lazy\"><\/iframe>            <\/div>\n        <\/section>\n        \n\t\t\t\t\t\t<\/div>\n\t\t\t\t<\/div>\n\t\t\t\t\t<\/div>\n\t\t<\/div>\n\t\t\t\t\t<\/div>\n\t\t<\/section>\n\t\t\t\t<\/div>\n\t\t","protected":false},"excerpt":{"rendered":"<p>Kontaktujte n\u00e1s M\u00e1te na mysli nie\u010do, \u010do by ste n\u00e1m mohli ozn\u00e1mi\u0165? Nev\u00e1hajte a spojte sa s nami prostredn\u00edctvom n\u00e1\u0161ho kontaktn\u00e9ho formul\u00e1ra. Tvoje meno Tvoj email Predmet Tvoja spr\u00e1va (optional) Address : M.R.Stefanika 842\/9 Krupina 963 01 Phone : \u202d+421 905 604 000\u202c +421 905 151 272 +90 555 761 4344 Email : zoogen@zoogen.sk Opening [&hellip;]<\/p>\n","protected":false},"author":2,"featured_media":0,"parent":0,"menu_order":0,"comment_status":"closed","ping_status":"closed","template":"tpl-default-elementor.php","meta":{"footnotes":""},"class_list":["post-317","page","type-page","status-publish","hentry"],"_links":{"self":[{"href":"https:\/\/zoogen.sk\/index.php?rest_route=\/wp\/v2\/pages\/317","targetHints":{"allow":["GET"]}}],"collection":[{"href":"https:\/\/zoogen.sk\/index.php?rest_route=\/wp\/v2\/pages"}],"about":[{"href":"https:\/\/zoogen.sk\/index.php?rest_route=\/wp\/v2\/types\/page"}],"author":[{"embeddable":true,"href":"https:\/\/zoogen.sk\/index.php?rest_route=\/wp\/v2\/users\/2"}],"replies":[{"embeddable":true,"href":"https:\/\/zoogen.sk\/index.php?rest_route=%2Fwp%2Fv2%2Fcomments&post=317"}],"version-history":[{"count":40,"href":"https:\/\/zoogen.sk\/index.php?rest_route=\/wp\/v2\/pages\/317\/revisions"}],"predecessor-version":[{"id":794,"href":"https:\/\/zoogen.sk\/index.php?rest_route=\/wp\/v2\/pages\/317\/revisions\/794"}],"wp:attachment":[{"href":"https:\/\/zoogen.sk\/index.php?rest_route=%2Fwp%2Fv2%2Fmedia&parent=317"}],"curies":[{"name":"wp","href":"https:\/\/api.w.org\/{rel}","templated":true}]}}